{"id":495,"date":"2025-03-21T18:27:40","date_gmt":"2025-03-21T16:27:40","guid":{"rendered":"https:\/\/www.harjulanmusiikkileiri.fi\/?page_id=495"},"modified":"2025-03-21T18:33:30","modified_gmt":"2025-03-21T16:33:30","slug":"laura-muona","status":"publish","type":"page","link":"https:\/\/www.harjulanmusiikkileiri.fi\/?page_id=495","title":{"rendered":"Laura Muona"},"content":{"rendered":"\n<p><\/p>\n\n\n\n<figure class=\"wp-block-image size-large is-resized\"><img loading=\"lazy\" decoding=\"async\" width=\"1024\" height=\"683\" src=\"https:\/\/www.harjulanmusiikkileiri.fi\/wp-content\/uploads\/2025\/03\/lauran-kuva-1024x683.jpg\" alt=\"\" class=\"wp-image-498\" style=\"width:474px;height:auto\" srcset=\"https:\/\/www.harjulanmusiikkileiri.fi\/wp-content\/uploads\/2025\/03\/lauran-kuva-1024x683.jpg 1024w, https:\/\/www.harjulanmusiikkileiri.fi\/wp-content\/uploads\/2025\/03\/lauran-kuva-300x200.jpg 300w, https:\/\/www.harjulanmusiikkileiri.fi\/wp-content\/uploads\/2025\/03\/lauran-kuva-768x512.jpg 768w, https:\/\/www.harjulanmusiikkileiri.fi\/wp-content\/uploads\/2025\/03\/lauran-kuva.jpg 1179w\" sizes=\"auto, (max-width: 767px) 89vw, (max-width: 1000px) 54vw, (max-width: 1071px) 543px, 580px\" \/><\/figure>\n\n\n\n<p class=\"has-small-font-size\">Kuva: Marco Rigao<\/p>\n\n\n\n<p>Laura Muona toimii Kuopion Konservatoriossa muskari- ja sello-opettajana. H\u00e4n on valmistunut Savonia AMK:sta sello-opettajaksi, ja Metropolia AMK:sta musiikkipedagogiksi (VaMuKa). <br>Laura rakastaa etsi\u00e4 uusia tapoja oppia ja opettaa riemulla, ja sello-oppilaita on viikossa vasta-alkajista aikuisiin, ja yksil\u00f6oppilaista ryhmiin. <br>Vapaa-ajalla Laura tekee kuvataidetta eri muodoissa, n\u00e4kee yst\u00e4vi\u00e4 ja urheilee.<\/p>\n\n\n\n<p><\/p>\n","protected":false},"excerpt":{"rendered":"<p>Kuva: Marco Rigao Laura Muona toimii Kuopion Konservatoriossa muskari- ja sello-opettajana. H\u00e4n on valmistunut Savonia AMK:sta sello-opettajaksi, ja Metropolia AMK:sta musiikkipedagogiksi (VaMuKa). Laura rakastaa etsi\u00e4 uusia tapoja oppia ja opettaa riemulla, ja sello-oppilaita on viikossa vasta-alkajista aikuisiin, ja yksil\u00f6oppilaista ryhmiin. Vapaa-ajalla Laura tekee kuvataidetta eri muodoissa, n\u00e4kee yst\u00e4vi\u00e4 ja urheilee.<\/p>\n","protected":false},"author":1,"featured_media":0,"parent":30,"menu_order":0,"comment_status":"closed","ping_status":"closed","template":"","meta":{"footnotes":""},"class_list":["post-495","page","type-page","status-publish","hentry"],"_links":{"self":[{"href":"https:\/\/www.harjulanmusiikkileiri.fi\/index.php?rest_route=\/wp\/v2\/pages\/495","targetHints":{"allow":["GET"]}}],"collection":[{"href":"https:\/\/www.harjulanmusiikkileiri.fi\/index.php?rest_route=\/wp\/v2\/pages"}],"about":[{"href":"https:\/\/www.harjulanmusiikkileiri.fi\/index.php?rest_route=\/wp\/v2\/types\/page"}],"author":[{"embeddable":true,"href":"https:\/\/www.harjulanmusiikkileiri.fi\/index.php?rest_route=\/wp\/v2\/users\/1"}],"replies":[{"embeddable":true,"href":"https:\/\/www.harjulanmusiikkileiri.fi\/index.php?rest_route=%2Fwp%2Fv2%2Fcomments&post=495"}],"version-history":[{"count":4,"href":"https:\/\/www.harjulanmusiikkileiri.fi\/index.php?rest_route=\/wp\/v2\/pages\/495\/revisions"}],"predecessor-version":[{"id":504,"href":"https:\/\/www.harjulanmusiikkileiri.fi\/index.php?rest_route=\/wp\/v2\/pages\/495\/revisions\/504"}],"up":[{"embeddable":true,"href":"https:\/\/www.harjulanmusiikkileiri.fi\/index.php?rest_route=\/wp\/v2\/pages\/30"}],"wp:attachment":[{"href":"https:\/\/www.harjulanmusiikkileiri.fi\/index.php?rest_route=%2Fwp%2Fv2%2Fmedia&parent=495"}],"curies":[{"name":"wp","href":"https:\/\/api.w.org\/{rel}","templated":true}]}}