{"id":436,"date":"2023-04-30T20:22:28","date_gmt":"2023-04-30T17:22:28","guid":{"rendered":"http:\/\/www.harjulanmusiikkileiri.fi\/?page_id=436"},"modified":"2023-04-30T20:33:06","modified_gmt":"2023-04-30T17:33:06","slug":"tanja-kettumaki","status":"publish","type":"page","link":"https:\/\/www.harjulanmusiikkileiri.fi\/?page_id=436","title":{"rendered":"Tanja Kettum\u00e4ki"},"content":{"rendered":"\n<figure class=\"wp-block-image is-resized\"><img loading=\"lazy\" decoding=\"async\" src=\"https:\/\/www.harjulanmusiikkileiri.fi\/wp-content\/uploads\/2023\/04\/tanja-768x1024.jpeg\" alt=\"\" class=\"wp-image-438\" width=\"323\" height=\"430\" srcset=\"https:\/\/www.harjulanmusiikkileiri.fi\/wp-content\/uploads\/2023\/04\/tanja-768x1024.jpeg 768w, https:\/\/www.harjulanmusiikkileiri.fi\/wp-content\/uploads\/2023\/04\/tanja-225x300.jpeg 225w, https:\/\/www.harjulanmusiikkileiri.fi\/wp-content\/uploads\/2023\/04\/tanja.jpeg 1500w\" sizes=\"auto, (max-width: 323px) 100vw, 323px\" \/><\/figure>\n\n\n\n<p> Heippa! Olen lahtelainen tanssiva huilunsoitonopettaja. Valmistuin Lahden ammattikorkeakoulun Musiikin laitokselta musiikkipedagogiksi (AMK) vuonna 2005 sek\u00e4 Kuopion Savonia-ammattikorkeakoulusta musiikkipedagogiksi (YAMK) taidepedagogiikan tutkinto-ohjelmasta vuonna 2020. Opetan t\u00e4ll\u00e4 hetkell\u00e4 Pohjois-Kymen sek\u00e4 Mikkelin musiikkiopistoissa sek\u00e4 Kouvolan kansalaisopistossa.  <br><br>Valmistuin kes\u00e4ll\u00e4 2022 my\u00f6s Tanssi-liiketerapeuttisten menetelmien ohjaajaksi Eino Roiha -instituutista sek\u00e4 olen tehnyt musiikkiterapian aineopinnot avoimessa yliopistossa syksyll\u00e4 2021. Parasta opettamisessa ovat hetket, kun keskittyneess\u00e4 ty\u00f6skentelyss\u00e4 on mukana ilo ja leikkimielisyys ja voimme yhdess\u00e4 toteuttaa jotain erityist\u00e4 ja omalta tuntuvaa.<br><br> Vapaa-aika t\u00e4yttyy tanssimisesta, t\u00e4ll\u00e4 hetkell\u00e4 erityisesti sambasta ja sen opettamisesta.<\/p>\n","protected":false},"excerpt":{"rendered":"<p>Heippa! Olen lahtelainen tanssiva huilunsoitonopettaja. Valmistuin Lahden ammattikorkeakoulun Musiikin laitokselta musiikkipedagogiksi (AMK) vuonna 2005 sek\u00e4 Kuopion Savonia-ammattikorkeakoulusta musiikkipedagogiksi (YAMK) taidepedagogiikan tutkinto-ohjelmasta vuonna 2020. Opetan t\u00e4ll\u00e4 hetkell\u00e4 Pohjois-Kymen sek\u00e4 Mikkelin musiikkiopistoissa sek\u00e4 Kouvolan kansalaisopistossa. Valmistuin kes\u00e4ll\u00e4 2022 my\u00f6s Tanssi-liiketerapeuttisten menetelmien ohjaajaksi Eino Roiha -instituutista sek\u00e4 olen tehnyt musiikkiterapian aineopinnot avoimessa yliopistossa syksyll\u00e4 2021. Parasta opettamisessa ovat &hellip; <\/p>\n<p class=\"link-more\"><a href=\"https:\/\/www.harjulanmusiikkileiri.fi\/?page_id=436\" class=\"more-link\">Jatka lukemista<span class=\"screen-reader-text\"> &#8221;Tanja Kettum\u00e4ki&#8221;<\/span><\/a><\/p>\n","protected":false},"author":1,"featured_media":0,"parent":30,"menu_order":0,"comment_status":"closed","ping_status":"closed","template":"","meta":{"footnotes":""},"class_list":["post-436","page","type-page","status-publish","hentry"],"_links":{"self":[{"href":"https:\/\/www.harjulanmusiikkileiri.fi\/index.php?rest_route=\/wp\/v2\/pages\/436","targetHints":{"allow":["GET"]}}],"collection":[{"href":"https:\/\/www.harjulanmusiikkileiri.fi\/index.php?rest_route=\/wp\/v2\/pages"}],"about":[{"href":"https:\/\/www.harjulanmusiikkileiri.fi\/index.php?rest_route=\/wp\/v2\/types\/page"}],"author":[{"embeddable":true,"href":"https:\/\/www.harjulanmusiikkileiri.fi\/index.php?rest_route=\/wp\/v2\/users\/1"}],"replies":[{"embeddable":true,"href":"https:\/\/www.harjulanmusiikkileiri.fi\/index.php?rest_route=%2Fwp%2Fv2%2Fcomments&post=436"}],"version-history":[{"count":2,"href":"https:\/\/www.harjulanmusiikkileiri.fi\/index.php?rest_route=\/wp\/v2\/pages\/436\/revisions"}],"predecessor-version":[{"id":439,"href":"https:\/\/www.harjulanmusiikkileiri.fi\/index.php?rest_route=\/wp\/v2\/pages\/436\/revisions\/439"}],"up":[{"embeddable":true,"href":"https:\/\/www.harjulanmusiikkileiri.fi\/index.php?rest_route=\/wp\/v2\/pages\/30"}],"wp:attachment":[{"href":"https:\/\/www.harjulanmusiikkileiri.fi\/index.php?rest_route=%2Fwp%2Fv2%2Fmedia&parent=436"}],"curies":[{"name":"wp","href":"https:\/\/api.w.org\/{rel}","templated":true}]}}