{"id":413,"date":"2023-04-05T12:11:30","date_gmt":"2023-04-05T09:11:30","guid":{"rendered":"http:\/\/www.harjulanmusiikkileiri.fi\/?page_id=413"},"modified":"2025-01-11T22:19:22","modified_gmt":"2025-01-11T20:19:22","slug":"minea-suhonen","status":"publish","type":"page","link":"https:\/\/www.harjulanmusiikkileiri.fi\/?page_id=413","title":{"rendered":"Minea Suhonen"},"content":{"rendered":"\n<figure class=\"wp-block-image is-resized\"><img loading=\"lazy\" decoding=\"async\" width=\"907\" height=\"1024\" src=\"https:\/\/www.harjulanmusiikkileiri.fi\/wp-content\/uploads\/2023\/04\/minea-1-907x1024.jpg\" alt=\"\" class=\"wp-image-415\" style=\"width:320px;height:360px\" srcset=\"https:\/\/www.harjulanmusiikkileiri.fi\/wp-content\/uploads\/2023\/04\/minea-1-907x1024.jpg 907w, https:\/\/www.harjulanmusiikkileiri.fi\/wp-content\/uploads\/2023\/04\/minea-1-266x300.jpg 266w, https:\/\/www.harjulanmusiikkileiri.fi\/wp-content\/uploads\/2023\/04\/minea-1-768x867.jpg 768w, https:\/\/www.harjulanmusiikkileiri.fi\/wp-content\/uploads\/2023\/04\/minea-1.jpg 1612w\" sizes=\"auto, (max-width: 767px) 89vw, (max-width: 1000px) 54vw, (max-width: 1071px) 543px, 580px\" \/><\/figure>\n\n\n\n<p>Moi! Olen Minea ja opetan leirill\u00e4 klarinetin- ja saksofoninsoittoa.<br>Aloin soittamaan klarinettia 10-vuotiaana Pielisen-Karjalan musiikkiopistossa, kotikaupungissani Lieksassa. Foni tuli soitinvalikoimaani klarinetin kaveriksi, kun ostin oman saksofonin p\u00e4\u00e4sty\u00e4ni ylioppilaaksi! <br>Aloitin lukion j\u00e4lkeen opinnot Savonia-ammattikorkeakoulussa, josta valmistuin kev\u00e4\u00e4ll\u00e4 2022 musiikkipedagogiksi. Opintojeni aikana tein my\u00f6s lukukauden mittaisen vaihdon Liettuassa Vilnan musiikki- ja teatteriakatemiassa. <br>Olen opiskellut my\u00f6s Agderin yliopistossa klarinetin soittoa ja valmistuin sielt\u00e4 viime kev\u00e4\u00e4n\u00e4 musiikin maisteriksi. <br>Olen tehnyt sijaisuuksia musiikkioppilaitoksissa, mink\u00e4 lis\u00e4ksi pyrin toimimaan monipuolisena muusikkona. <br>Musiikkiel\u00e4m\u00e4n ulkopuolella tykk\u00e4\u00e4n kalastaa, mets\u00e4st\u00e4\u00e4 ja pelata sulkapalloa.<\/p>\n","protected":false},"excerpt":{"rendered":"<p>Moi! Olen Minea ja opetan leirill\u00e4 klarinetin- ja saksofoninsoittoa.Aloin soittamaan klarinettia 10-vuotiaana Pielisen-Karjalan musiikkiopistossa, kotikaupungissani Lieksassa. Foni tuli soitinvalikoimaani klarinetin kaveriksi, kun ostin oman saksofonin p\u00e4\u00e4sty\u00e4ni ylioppilaaksi! Aloitin lukion j\u00e4lkeen opinnot Savonia-ammattikorkeakoulussa, josta valmistuin kev\u00e4\u00e4ll\u00e4 2022 musiikkipedagogiksi. Opintojeni aikana tein my\u00f6s lukukauden mittaisen vaihdon Liettuassa Vilnan musiikki- ja teatteriakatemiassa. Olen opiskellut my\u00f6s Agderin yliopistossa klarinetin &hellip; <\/p>\n<p class=\"link-more\"><a href=\"https:\/\/www.harjulanmusiikkileiri.fi\/?page_id=413\" class=\"more-link\">Jatka lukemista<span class=\"screen-reader-text\"> &#8221;Minea Suhonen&#8221;<\/span><\/a><\/p>\n","protected":false},"author":1,"featured_media":0,"parent":30,"menu_order":0,"comment_status":"closed","ping_status":"closed","template":"","meta":{"footnotes":""},"class_list":["post-413","page","type-page","status-publish","hentry"],"_links":{"self":[{"href":"https:\/\/www.harjulanmusiikkileiri.fi\/index.php?rest_route=\/wp\/v2\/pages\/413","targetHints":{"allow":["GET"]}}],"collection":[{"href":"https:\/\/www.harjulanmusiikkileiri.fi\/index.php?rest_route=\/wp\/v2\/pages"}],"about":[{"href":"https:\/\/www.harjulanmusiikkileiri.fi\/index.php?rest_route=\/wp\/v2\/types\/page"}],"author":[{"embeddable":true,"href":"https:\/\/www.harjulanmusiikkileiri.fi\/index.php?rest_route=\/wp\/v2\/users\/1"}],"replies":[{"embeddable":true,"href":"https:\/\/www.harjulanmusiikkileiri.fi\/index.php?rest_route=%2Fwp%2Fv2%2Fcomments&post=413"}],"version-history":[{"count":3,"href":"https:\/\/www.harjulanmusiikkileiri.fi\/index.php?rest_route=\/wp\/v2\/pages\/413\/revisions"}],"predecessor-version":[{"id":471,"href":"https:\/\/www.harjulanmusiikkileiri.fi\/index.php?rest_route=\/wp\/v2\/pages\/413\/revisions\/471"}],"up":[{"embeddable":true,"href":"https:\/\/www.harjulanmusiikkileiri.fi\/index.php?rest_route=\/wp\/v2\/pages\/30"}],"wp:attachment":[{"href":"https:\/\/www.harjulanmusiikkileiri.fi\/index.php?rest_route=%2Fwp%2Fv2%2Fmedia&parent=413"}],"curies":[{"name":"wp","href":"https:\/\/api.w.org\/{rel}","templated":true}]}}