{"id":24,"date":"2017-05-22T11:22:00","date_gmt":"2017-05-22T11:22:00","guid":{"rendered":"http:\/\/www.harjulanmusiikkileiri.fi\/?page_id=24"},"modified":"2025-06-19T10:26:36","modified_gmt":"2025-06-19T07:26:36","slug":"ilmoittautuminen","status":"publish","type":"page","link":"https:\/\/www.harjulanmusiikkileiri.fi\/?page_id=24","title":{"rendered":"Ilmoittautuminen"},"content":{"rendered":"<p>Ilmoittautuminen n\u00e4ist\u00e4 linkeist\u00e4:<\/p>\n<p>Musiikkileirille ilmoittautuminen:<br \/><a href=\"https:\/\/forms.gle\/95hzRmEDXjQ56zqU7\">https:\/\/forms.gle\/95hzRmEDXjQ56zqU7<\/a><\/p>\n<p>Aikuisten musiikkikurssille ilmoittautuminen:<br \/><a href=\"https:\/\/forms.gle\/FHrprdkzHqhqxTMC6\">https:\/\/forms.gle\/FHrprdkzHqhqxTMC6<\/a><\/p>\n\n\n<p><\/p>\n","protected":false},"excerpt":{"rendered":"<p>Ilmoittautuminen n\u00e4ist\u00e4 linkeist\u00e4: Musiikkileirille ilmoittautuminen:https:\/\/forms.gle\/95hzRmEDXjQ56zqU7 Aikuisten musiikkikurssille ilmoittautuminen:https:\/\/forms.gle\/FHrprdkzHqhqxTMC6<\/p>\n","protected":false},"author":1,"featured_media":0,"parent":0,"menu_order":0,"comment_status":"closed","ping_status":"closed","template":"","meta":{"footnotes":""},"class_list":["post-24","page","type-page","status-publish","hentry"],"_links":{"self":[{"href":"https:\/\/www.harjulanmusiikkileiri.fi\/index.php?rest_route=\/wp\/v2\/pages\/24","targetHints":{"allow":["GET"]}}],"collection":[{"href":"https:\/\/www.harjulanmusiikkileiri.fi\/index.php?rest_route=\/wp\/v2\/pages"}],"about":[{"href":"https:\/\/www.harjulanmusiikkileiri.fi\/index.php?rest_route=\/wp\/v2\/types\/page"}],"author":[{"embeddable":true,"href":"https:\/\/www.harjulanmusiikkileiri.fi\/index.php?rest_route=\/wp\/v2\/users\/1"}],"replies":[{"embeddable":true,"href":"https:\/\/www.harjulanmusiikkileiri.fi\/index.php?rest_route=%2Fwp%2Fv2%2Fcomments&post=24"}],"version-history":[{"count":29,"href":"https:\/\/www.harjulanmusiikkileiri.fi\/index.php?rest_route=\/wp\/v2\/pages\/24\/revisions"}],"predecessor-version":[{"id":511,"href":"https:\/\/www.harjulanmusiikkileiri.fi\/index.php?rest_route=\/wp\/v2\/pages\/24\/revisions\/511"}],"wp:attachment":[{"href":"https:\/\/www.harjulanmusiikkileiri.fi\/index.php?rest_route=%2Fwp%2Fv2%2Fmedia&parent=24"}],"curies":[{"name":"wp","href":"https:\/\/api.w.org\/{rel}","templated":true}]}}