{"id":162,"date":"2018-03-27T20:53:44","date_gmt":"2018-03-27T17:53:44","guid":{"rendered":"http:\/\/www.harjulanmusiikkileiri.fi\/?page_id=162"},"modified":"2023-04-12T13:08:06","modified_gmt":"2023-04-12T10:08:06","slug":"johanna-rautakorpi","status":"publish","type":"page","link":"https:\/\/www.harjulanmusiikkileiri.fi\/?page_id=162","title":{"rendered":"Johanna Koponen"},"content":{"rendered":"\n<figure class=\"wp-block-image is-resized\"><img loading=\"lazy\" decoding=\"async\" src=\"https:\/\/www.harjulanmusiikkileiri.fi\/wp-content\/uploads\/2019\/05\/FB_IMG_1557406230913-1-1024x1024.jpg\" alt=\"\" class=\"wp-image-272\" width=\"277\" height=\"277\" srcset=\"https:\/\/www.harjulanmusiikkileiri.fi\/wp-content\/uploads\/2019\/05\/FB_IMG_1557406230913-1-1024x1024.jpg 1024w, https:\/\/www.harjulanmusiikkileiri.fi\/wp-content\/uploads\/2019\/05\/FB_IMG_1557406230913-1-150x150.jpg 150w, https:\/\/www.harjulanmusiikkileiri.fi\/wp-content\/uploads\/2019\/05\/FB_IMG_1557406230913-1-300x300.jpg 300w, https:\/\/www.harjulanmusiikkileiri.fi\/wp-content\/uploads\/2019\/05\/FB_IMG_1557406230913-1-768x768.jpg 768w, https:\/\/www.harjulanmusiikkileiri.fi\/wp-content\/uploads\/2019\/05\/FB_IMG_1557406230913-1-100x100.jpg 100w, https:\/\/www.harjulanmusiikkileiri.fi\/wp-content\/uploads\/2019\/05\/FB_IMG_1557406230913-1.jpg 1094w\" sizes=\"auto, (max-width: 277px) 100vw, 277px\" \/><\/figure>\n\n\n<p>Olen Johanna, viulisti ja viulunsoitonopettaja. Soittamisessa minulle t\u00e4rkeint\u00e4 on musiikki ja ilmaisu. Tunneillani opettelemme monipuolisesti muusikolle t\u00e4rkeit\u00e4 taitoja pulssista puhtauteen ja pyrimme tekem\u00e4\u00e4n yksinkertaisistakin soinneista musiikkia. Koen my\u00f6s t\u00e4rke\u00e4ksi rennon ja ergonomisen soittoasennon, jonka avulla soittamisesta tulee yh\u00e4 mukavampaa!<\/p>\n<p>Itse olen opiskellut viulunsoittoa Taideyliopiston Sibelius-Akatemiassa ja valmistunut sielt\u00e4 Tero Latvalan luokalta vuonna 2020. Olen tehnyt laajat pedagogiset opinnot ja t\u00e4ydenn\u00e4n osaamistani opettajana t\u00e4ll\u00e4 hetkell\u00e4 Suomen Suzukiyhdistyksen j\u00e4rjest\u00e4m\u00e4ss\u00e4 Suzuki-opettajakoulutuksessa. Viime vuosina olen vuoroin tehnyt sijaisuutta orkesterimuusikkona Tampere Filharmoniassa ja ollut \u00e4itiyslomalla lasten kanssa kotona. Lempipuuhiini kuuluvat soittamisen lis\u00e4ksi perheen kanssa pelailu, urheileminen sek\u00e4 luonnossa liikkuminen. Odotan innolla tulevaa leiri\u00e4, sek\u00e4 uusia ett\u00e4 vanhoja tuttavuuksia!<\/p>","protected":false},"excerpt":{"rendered":"<p>Olen Johanna, viulisti ja viulunsoitonopettaja. Soittamisessa minulle t\u00e4rkeint\u00e4 on musiikki ja ilmaisu. Tunneillani opettelemme monipuolisesti muusikolle t\u00e4rkeit\u00e4 taitoja pulssista puhtauteen ja pyrimme tekem\u00e4\u00e4n yksinkertaisistakin soinneista musiikkia. Koen my\u00f6s t\u00e4rke\u00e4ksi rennon ja ergonomisen soittoasennon, jonka avulla soittamisesta tulee yh\u00e4 mukavampaa! Itse olen opiskellut viulunsoittoa Taideyliopiston Sibelius-Akatemiassa ja valmistunut sielt\u00e4 Tero Latvalan luokalta vuonna 2020. Olen tehnyt &hellip; <\/p>\n<p class=\"link-more\"><a href=\"https:\/\/www.harjulanmusiikkileiri.fi\/?page_id=162\" class=\"more-link\">Jatka lukemista<span class=\"screen-reader-text\"> &#8221;Johanna Koponen&#8221;<\/span><\/a><\/p>\n","protected":false},"author":1,"featured_media":0,"parent":30,"menu_order":0,"comment_status":"closed","ping_status":"closed","template":"","meta":{"footnotes":""},"class_list":["post-162","page","type-page","status-publish","hentry"],"_links":{"self":[{"href":"https:\/\/www.harjulanmusiikkileiri.fi\/index.php?rest_route=\/wp\/v2\/pages\/162","targetHints":{"allow":["GET"]}}],"collection":[{"href":"https:\/\/www.harjulanmusiikkileiri.fi\/index.php?rest_route=\/wp\/v2\/pages"}],"about":[{"href":"https:\/\/www.harjulanmusiikkileiri.fi\/index.php?rest_route=\/wp\/v2\/types\/page"}],"author":[{"embeddable":true,"href":"https:\/\/www.harjulanmusiikkileiri.fi\/index.php?rest_route=\/wp\/v2\/users\/1"}],"replies":[{"embeddable":true,"href":"https:\/\/www.harjulanmusiikkileiri.fi\/index.php?rest_route=%2Fwp%2Fv2%2Fcomments&post=162"}],"version-history":[{"count":8,"href":"https:\/\/www.harjulanmusiikkileiri.fi\/index.php?rest_route=\/wp\/v2\/pages\/162\/revisions"}],"predecessor-version":[{"id":431,"href":"https:\/\/www.harjulanmusiikkileiri.fi\/index.php?rest_route=\/wp\/v2\/pages\/162\/revisions\/431"}],"up":[{"embeddable":true,"href":"https:\/\/www.harjulanmusiikkileiri.fi\/index.php?rest_route=\/wp\/v2\/pages\/30"}],"wp:attachment":[{"href":"https:\/\/www.harjulanmusiikkileiri.fi\/index.php?rest_route=%2Fwp%2Fv2%2Fmedia&parent=162"}],"curies":[{"name":"wp","href":"https:\/\/api.w.org\/{rel}","templated":true}]}}