{"id":101,"date":"2018-03-04T13:57:26","date_gmt":"2018-03-04T11:57:26","guid":{"rendered":"http:\/\/www.harjulanmusiikkileiri.fi\/?page_id=101"},"modified":"2023-04-11T18:53:40","modified_gmt":"2023-04-11T15:53:40","slug":"ville-koponen","status":"publish","type":"page","link":"https:\/\/www.harjulanmusiikkileiri.fi\/?page_id=101","title":{"rendered":"Ville Koponen"},"content":{"rendered":"\n<figure class=\"wp-block-image is-resized\"><img loading=\"lazy\" decoding=\"async\" src=\"https:\/\/www.harjulanmusiikkileiri.fi\/wp-content\/uploads\/2019\/04\/IMG_4109-1-e1556487323344.jpg\" alt=\"\" class=\"wp-image-235\" width=\"200\" height=\"267\" srcset=\"https:\/\/www.harjulanmusiikkileiri.fi\/wp-content\/uploads\/2019\/04\/IMG_4109-1-e1556487323344.jpg 480w, https:\/\/www.harjulanmusiikkileiri.fi\/wp-content\/uploads\/2019\/04\/IMG_4109-1-e1556487323344-225x300.jpg 225w\" sizes=\"auto, (max-width: 200px) 100vw, 200px\" \/><figcaption> <\/figcaption><\/figure>\n\n\n<p>Heippa!<\/p>\n<p>Olen Ville ja opetan musiikkileirill\u00e4 kontrabasson- ja k\u00e4yr\u00e4torvensoittoa sek\u00e4 johdan leirin orkestereita. Olen my\u00f6s leirinjohtajana.<\/p>\n<p>Aloitin soittamisen alunperin sellolla, mutta vaihdoin sen sittemmin isompaan soittimeen, kontrabassoon. My\u00f6hemmin my\u00f6s k\u00e4yr\u00e4torvi tuli mukaan kuvioihin.<\/p>\n<p>Olen valmistunut Kuopion ja Joensuun konservatoriosta, Metropolia-ammattikorkeakoulusta ja Sibelius-Akatemiasta. Opettajana ty\u00f6skentelen Lauttasaaren ja Pohjois-Kymen musiikkiopistoissa.<\/p>\n<p>Musisoidessa minulle on t\u00e4rke\u00e4\u00e4, ett\u00e4 voin tuottaa iloa kuulijoille musiikin v\u00e4lityksell\u00e4. Soittaminen muiden kanssa on my\u00f6s todella hauskaa!<\/p>\n<p>Jos haluat huippuhauskoja musisoinnin kokemuksia ja uusia kavereita, tykk\u00e4\u00e4t herkullisista vohveleista sek\u00e4 pid\u00e4t uimisesta ja saunomisesta, kannattaa tulla Harjulaan!<\/p>\n<p>Kes\u00e4ll\u00e4 n\u00e4hd\u00e4\u00e4n! \ud83d\ude42<\/p>\n\n\n<p><\/p>\n","protected":false},"excerpt":{"rendered":"<p>Heippa! Olen Ville ja opetan musiikkileirill\u00e4 kontrabasson- ja k\u00e4yr\u00e4torvensoittoa sek\u00e4 johdan leirin orkestereita. Olen my\u00f6s leirinjohtajana. Aloitin soittamisen alunperin sellolla, mutta vaihdoin sen sittemmin isompaan soittimeen, kontrabassoon. My\u00f6hemmin my\u00f6s k\u00e4yr\u00e4torvi tuli mukaan kuvioihin. Olen valmistunut Kuopion ja Joensuun konservatoriosta, Metropolia-ammattikorkeakoulusta ja Sibelius-Akatemiasta. Opettajana ty\u00f6skentelen Lauttasaaren ja Pohjois-Kymen musiikkiopistoissa. Musisoidessa minulle on t\u00e4rke\u00e4\u00e4, ett\u00e4 voin tuottaa &hellip; <\/p>\n<p class=\"link-more\"><a href=\"https:\/\/www.harjulanmusiikkileiri.fi\/?page_id=101\" class=\"more-link\">Jatka lukemista<span class=\"screen-reader-text\"> &#8221;Ville Koponen&#8221;<\/span><\/a><\/p>\n","protected":false},"author":1,"featured_media":0,"parent":30,"menu_order":0,"comment_status":"closed","ping_status":"closed","template":"","meta":{"footnotes":""},"class_list":["post-101","page","type-page","status-publish","hentry"],"_links":{"self":[{"href":"https:\/\/www.harjulanmusiikkileiri.fi\/index.php?rest_route=\/wp\/v2\/pages\/101","targetHints":{"allow":["GET"]}}],"collection":[{"href":"https:\/\/www.harjulanmusiikkileiri.fi\/index.php?rest_route=\/wp\/v2\/pages"}],"about":[{"href":"https:\/\/www.harjulanmusiikkileiri.fi\/index.php?rest_route=\/wp\/v2\/types\/page"}],"author":[{"embeddable":true,"href":"https:\/\/www.harjulanmusiikkileiri.fi\/index.php?rest_route=\/wp\/v2\/users\/1"}],"replies":[{"embeddable":true,"href":"https:\/\/www.harjulanmusiikkileiri.fi\/index.php?rest_route=%2Fwp%2Fv2%2Fcomments&post=101"}],"version-history":[{"count":17,"href":"https:\/\/www.harjulanmusiikkileiri.fi\/index.php?rest_route=\/wp\/v2\/pages\/101\/revisions"}],"predecessor-version":[{"id":429,"href":"https:\/\/www.harjulanmusiikkileiri.fi\/index.php?rest_route=\/wp\/v2\/pages\/101\/revisions\/429"}],"up":[{"embeddable":true,"href":"https:\/\/www.harjulanmusiikkileiri.fi\/index.php?rest_route=\/wp\/v2\/pages\/30"}],"wp:attachment":[{"href":"https:\/\/www.harjulanmusiikkileiri.fi\/index.php?rest_route=%2Fwp%2Fv2%2Fmedia&parent=101"}],"curies":[{"name":"wp","href":"https:\/\/api.w.org\/{rel}","templated":true}]}}